{"id":60,"date":"2025-05-10T17:58:39","date_gmt":"2025-05-10T15:58:39","guid":{"rendered":"https:\/\/teinoblak.hr\/?page_id=60"},"modified":"2025-11-20T20:36:51","modified_gmt":"2025-11-20T18:36:51","slug":"pocetna","status":"publish","type":"page","link":"https:\/\/teinoblak.hr\/","title":{"rendered":"Po\u010detna"},"content":{"rendered":"\t\t<div data-elementor-type=\"wp-page\" data-elementor-id=\"60\" class=\"elementor elementor-60\">\n\t\t\t\t<div class=\"elementor-element elementor-element-68a8f9d3 e-con-full e-flex e-con e-parent\" data-id=\"68a8f9d3\" data-element_type=\"container\" data-e-type=\"container\" data-settings=\"{&quot;background_background&quot;:&quot;classic&quot;}\">\n\t\t<div class=\"elementor-element elementor-element-54feda87 e-con-full e-flex e-con e-child\" data-id=\"54feda87\" data-element_type=\"container\" data-e-type=\"container\">\n\t\t\t\t<div class=\"elementor-element elementor-element-5de4eea1 elementor-widget elementor-widget-heading\" data-id=\"5de4eea1\" data-element_type=\"widget\" data-e-type=\"widget\" data-widget_type=\"heading.default\">\n\t\t\t\t<div class=\"elementor-widget-container\">\n\t\t\t\t\t<h1 class=\"elementor-heading-title elementor-size-default\">\u2728\u00a0Zamisli tehniku koja radi za tebe<\/h1>\t\t\t\t<\/div>\n\t\t\t\t<\/div>\n\t\t\t\t<div class=\"elementor-element elementor-element-551cec4a elementor-widget elementor-widget-text-editor\" data-id=\"551cec4a\" data-element_type=\"widget\" data-e-type=\"widget\" data-widget_type=\"text-editor.default\">\n\t\t\t\t<div class=\"elementor-widget-container\">\n\t\t\t\t\t\t\t\t\t<p>Dok ti radi\u0161 ono \u0161to voli\u0161, ja rje\u0161avam sve \u0161to ti tro\u0161i vrijeme i \u017eivce.<\/p><p>Od podr\u0161ke kod videa i podcasta, preko poslovne e-mail komunikacije, do odr\u017eavanja tvoje web stranice i svih ostalih tehni\u010dkih zadataka.<\/p><p>Ja sam Tea, virtualna asistentica za tehni\u010dku podr\u0161ku i vlasnica obrta Tein oblak \u2013 mjesta gdje tvoj biznis dobiva vjetar u le\u0111a, a ti mir u glavi.<\/p><p>Radim s poduzetnicama koje \u017eele jednostavnost, organizaciju i pouzdanu osobu uz sebe. Profesionalno, ali s ljudskim pristupom \u2013 ba\u0161 kako treba.<\/p><p>\u017deli\u0161 saznati tko sam ja iza ekrana i za\u0161to ba\u0161 meni povjeriti svoj posao?<\/p>\t\t\t\t\t\t\t\t<\/div>\n\t\t\t\t<\/div>\n\t\t\t\t<div class=\"elementor-element elementor-element-435b4c1 elementor-mobile-align-center elementor-widget elementor-widget-button\" data-id=\"435b4c1\" data-element_type=\"widget\" data-e-type=\"widget\" data-widget_type=\"button.default\">\n\t\t\t\t<div class=\"elementor-widget-container\">\n\t\t\t\t\t\t\t\t\t<div class=\"elementor-button-wrapper\">\n\t\t\t\t\t<a class=\"elementor-button elementor-button-link elementor-size-sm\" href=\"https:\/\/teinoblak.hr\/index.php\/o-meni\/\">\n\t\t\t\t\t\t<span class=\"elementor-button-content-wrapper\">\n\t\t\t\t\t\t<span class=\"elementor-button-icon\">\n\t\t\t\t<svg aria-hidden=\"true\" class=\"e-font-icon-svg e-fas-hand-sparkles\" viewBox=\"0 0 640 512\" xmlns=\"http:\/\/www.w3.org\/2000\/svg\"><path d=\"M106.66,170.64l.09,0,49.55-20.65a7.32,7.32,0,0,0,3.68-6h0a7.29,7.29,0,0,0-3.68-6l-49.57-20.67-.07,0L86,67.68a6.66,6.66,0,0,0-11.92,0l-20.7,49.63-.05,0L3.7,138A7.29,7.29,0,0,0,0,144H0a7.32,7.32,0,0,0,3.68,6L53.27,170.6l.07,0L74,220.26a6.65,6.65,0,0,0,11.92,0l20.69-49.62ZM471.38,467.41l-1-.42-1-.5a38.67,38.67,0,0,1,0-69.14l1-.49,1-.43,37.49-15.63,15.63-37.48.41-1,.47-.95c3.85-7.74,10.58-13.63,18.35-17.34,0-1.33.25-2.69.27-4V144a32,32,0,0,0-64,0v72a8,8,0,0,1-8,8H456a8,8,0,0,1-8-8V64a32,32,0,0,0-64,0V216a8,8,0,0,1-8,8H360a8,8,0,0,1-8-8V32a32,32,0,0,0-64,0V216a8,8,0,0,1-8,8H264a8,8,0,0,1-8-8V64a32,32,0,0,0-64,0v241l-23.59-32.49a40,40,0,0,0-64.71,47.09L229.3,492.21A48.07,48.07,0,0,0,268.09,512H465.7c19.24,0,35.65-11.73,43.24-28.79l-.07-.17ZM349.79,339.52,320,351.93l-12.42,29.78a4,4,0,0,1-7.15,0L288,351.93l-29.79-12.41a4,4,0,0,1,0-7.16L288,319.94l12.42-29.78a4,4,0,0,1,7.15,0L320,319.94l29.79,12.42a4,4,0,0,1,0,7.16ZM640,431.91a7.28,7.28,0,0,0-3.68-6l-49.57-20.67-.07,0L566,355.63a6.66,6.66,0,0,0-11.92,0l-20.7,49.63-.05,0L483.7,426a7.28,7.28,0,0,0-3.68,6h0a7.29,7.29,0,0,0,3.68,5.95l49.57,20.67.07,0L554,508.21a6.65,6.65,0,0,0,11.92,0l20.69-49.62h0l.09,0,49.55-20.66a7.29,7.29,0,0,0,3.68-5.95h0Z\"><\/path><\/svg>\t\t\t<\/span>\n\t\t\t\t\t\t\t\t\t<span class=\"elementor-button-text\">UPOZNAJ ME BOLJE<\/span>\n\t\t\t\t\t<\/span>\n\t\t\t\t\t<\/a>\n\t\t\t\t<\/div>\n\t\t\t\t\t\t\t\t<\/div>\n\t\t\t\t<\/div>\n\t\t\t\t<\/div>\n\t\t<div class=\"elementor-element elementor-element-3ce306d4 e-con-full e-flex e-con e-child\" data-id=\"3ce306d4\" data-element_type=\"container\" data-e-type=\"container\">\n\t\t\t\t<div class=\"elementor-element elementor-element-647df912 elementor-widget elementor-widget-image\" data-id=\"647df912\" data-element_type=\"widget\" data-e-type=\"widget\" data-widget_type=\"image.default\">\n\t\t\t\t<div class=\"elementor-widget-container\">\n\t\t\t\t\t\t\t\t\t\t\t\t\t\t\t<img fetchpriority=\"high\" decoding=\"async\" width=\"576\" height=\"1024\" src=\"https:\/\/teinoblak.hr\/wp-content\/uploads\/2025\/10\/vladimir-cebotari-iA-nS9LeUq0-unsplash-576x1024.jpg\" class=\"attachment-large size-large wp-image-857\" alt=\"tehni\u010dka podr\u0161ka\" srcset=\"https:\/\/teinoblak.hr\/wp-content\/uploads\/2025\/10\/vladimir-cebotari-iA-nS9LeUq0-unsplash-576x1024.jpg 576w, https:\/\/teinoblak.hr\/wp-content\/uploads\/2025\/10\/vladimir-cebotari-iA-nS9LeUq0-unsplash-169x300.jpg 169w, https:\/\/teinoblak.hr\/wp-content\/uploads\/2025\/10\/vladimir-cebotari-iA-nS9LeUq0-unsplash-768x1365.jpg 768w, https:\/\/teinoblak.hr\/wp-content\/uploads\/2025\/10\/vladimir-cebotari-iA-nS9LeUq0-unsplash-864x1536.jpg 864w, https:\/\/teinoblak.hr\/wp-content\/uploads\/2025\/10\/vladimir-cebotari-iA-nS9LeUq0-unsplash-1152x2048.jpg 1152w, https:\/\/teinoblak.hr\/wp-content\/uploads\/2025\/10\/vladimir-cebotari-iA-nS9LeUq0-unsplash-scaled.jpg 1440w\" sizes=\"(max-width: 576px) 100vw, 576px\" \/>\t\t\t\t\t\t\t\t\t\t\t\t\t\t\t<\/div>\n\t\t\t\t<\/div>\n\t\t\t\t<\/div>\n\t\t\t\t<\/div>\n\t\t<div class=\"elementor-element elementor-element-52f7490 e-flex e-con-boxed e-con e-parent\" data-id=\"52f7490\" data-element_type=\"container\" data-e-type=\"container\" data-settings=\"{&quot;background_background&quot;:&quot;classic&quot;}\">\n\t\t\t\t\t<div class=\"e-con-inner\">\n\t\t<div class=\"elementor-element elementor-element-327b4ec e-con-full e-flex e-con e-child\" data-id=\"327b4ec\" data-element_type=\"container\" data-e-type=\"container\">\n\t\t\t\t<div class=\"elementor-element elementor-element-3e9a44e elementor-widget elementor-widget-image\" data-id=\"3e9a44e\" data-element_type=\"widget\" data-e-type=\"widget\" data-widget_type=\"image.default\">\n\t\t\t\t<div class=\"elementor-widget-container\">\n\t\t\t\t\t\t\t\t\t\t\t\t\t\t\t<img decoding=\"async\" width=\"768\" height=\"512\" src=\"https:\/\/teinoblak.hr\/wp-content\/uploads\/2025\/10\/fotka-768x512.jpg\" class=\"attachment-medium_large size-medium_large wp-image-851\" alt=\"tehni\u010dka podr\u0161ka\" srcset=\"https:\/\/teinoblak.hr\/wp-content\/uploads\/2025\/10\/fotka-768x512.jpg 768w, https:\/\/teinoblak.hr\/wp-content\/uploads\/2025\/10\/fotka-300x200.jpg 300w, https:\/\/teinoblak.hr\/wp-content\/uploads\/2025\/10\/fotka-1024x683.jpg 1024w, https:\/\/teinoblak.hr\/wp-content\/uploads\/2025\/10\/fotka-1536x1024.jpg 1536w, https:\/\/teinoblak.hr\/wp-content\/uploads\/2025\/10\/fotka-2048x1365.jpg 2048w\" sizes=\"(max-width: 768px) 100vw, 768px\" \/>\t\t\t\t\t\t\t\t\t\t\t\t\t\t\t<\/div>\n\t\t\t\t<\/div>\n\t\t\t\t<\/div>\n\t\t<div class=\"elementor-element elementor-element-40e6d04 e-con-full e-flex e-con e-child\" data-id=\"40e6d04\" data-element_type=\"container\" data-e-type=\"container\">\n\t\t\t\t<div class=\"elementor-element elementor-element-f1540d9 elementor-widget elementor-widget-heading\" data-id=\"f1540d9\" data-element_type=\"widget\" data-e-type=\"widget\" data-widget_type=\"heading.default\">\n\t\t\t\t<div class=\"elementor-widget-container\">\n\t\t\t\t\t<h2 class=\"elementor-heading-title elementor-size-default\">\ud83d\udcbb Virtualna asistencija za tehni\u010dku podr\u0161ku<\/h2>\t\t\t\t<\/div>\n\t\t\t\t<\/div>\n\t\t\t\t<div class=\"elementor-element elementor-element-d417fc7 elementor-widget elementor-widget-text-editor\" data-id=\"d417fc7\" data-element_type=\"widget\" data-e-type=\"widget\" data-widget_type=\"text-editor.default\">\n\t\t\t\t<div class=\"elementor-widget-container\">\n\t\t\t\t\t\t\t\t\t<p>Virtualni asistenti su stru\u010dnjaci koji rade na daljinu i poma\u017eu ti u specifi\u010dnim podru\u010djima, bez potrebe za stalnim zaposlenjem ili dodatnom opremom.<br \/>To zna\u010di da pla\u0107a\u0161 samo konkretan rad, po satu ili projektu i osloba\u0111a\u0161 se administrativne i tehni\u010dke brige.<\/p><p>\ud83d\udca1 Ja sam tvoja virtualna asistentica za tehni\u010dku podr\u0161ku. Ako \u017eeli\u0161 nekoga tko \u0107e ti olak\u0161ati posao oko weba, podcasta ili videa, tu sam da preuzmem tehni\u010dki dio, a ti se mo\u017ee\u0161 fokusirati na ono \u0161to voli\u0161 raditi.<\/p><p>Ako ti tehni\u010dki dio oduzima previ\u0161e vremena, tu sam da ti olak\u0161am posao.<br \/>Pru\u017eam podr\u0161ku u svemu \u0161to stoji iza tvoje online prisutnosti, od ure\u0111ivanja videa i podcasta, preko postavljanja poslovnog e-maila, do tehni\u010dkog odr\u017eavanja WordPress stranica.<\/p><p>Tako se ti mo\u017ee\u0161 posvetiti onome \u0161to zaista voli\u0161 raditi, a ja \u0107u se pobrinuti da sve funkcionira glatko, sigurno i profesionalno.<\/p>\t\t\t\t\t\t\t\t<\/div>\n\t\t\t\t<\/div>\n\t\t<div class=\"elementor-element elementor-element-f186c47 e-con-full e-flex e-con e-child\" data-id=\"f186c47\" data-element_type=\"container\" data-e-type=\"container\">\n\t\t\t\t<div class=\"elementor-element elementor-element-0779f41 elementor-align-center elementor-widget elementor-widget-button\" data-id=\"0779f41\" data-element_type=\"widget\" data-e-type=\"widget\" data-widget_type=\"button.default\">\n\t\t\t\t<div class=\"elementor-widget-container\">\n\t\t\t\t\t\t\t\t\t<div class=\"elementor-button-wrapper\">\n\t\t\t\t\t<a class=\"elementor-button elementor-button-link elementor-size-sm\" href=\"https:\/\/teinoblak.hr\/index.php\/usluge\/\">\n\t\t\t\t\t\t<span class=\"elementor-button-content-wrapper\">\n\t\t\t\t\t\t<span class=\"elementor-button-icon\">\n\t\t\t\t<svg aria-hidden=\"true\" class=\"e-font-icon-svg e-far-arrow-alt-circle-right\" viewBox=\"0 0 512 512\" xmlns=\"http:\/\/www.w3.org\/2000\/svg\"><path d=\"M504 256C504 119 393 8 256 8S8 119 8 256s111 248 248 248 248-111 248-248zm-448 0c0-110.5 89.5-200 200-200s200 89.5 200 200-89.5 200-200 200S56 366.5 56 256zm72 20v-40c0-6.6 5.4-12 12-12h116v-67c0-10.7 12.9-16 20.5-8.5l99 99c4.7 4.7 4.7 12.3 0 17l-99 99c-7.6 7.6-20.5 2.2-20.5-8.5v-67H140c-6.6 0-12-5.4-12-12z\"><\/path><\/svg>\t\t\t<\/span>\n\t\t\t\t\t\t\t\t\t<span class=\"elementor-button-text\">KRENI<\/span>\n\t\t\t\t\t<\/span>\n\t\t\t\t\t<\/a>\n\t\t\t\t<\/div>\n\t\t\t\t\t\t\t\t<\/div>\n\t\t\t\t<\/div>\n\t\t\t\t<\/div>\n\t\t\t\t<\/div>\n\t\t\t\t\t<\/div>\n\t\t\t\t<\/div>\n\t\t<div class=\"elementor-element elementor-element-4e1f3bc4 e-con-full e-flex e-con e-parent\" data-id=\"4e1f3bc4\" data-element_type=\"container\" data-e-type=\"container\" id=\"next\" data-settings=\"{&quot;background_background&quot;:&quot;classic&quot;}\">\n\t\t\t\t<div class=\"elementor-element elementor-element-5dc211f9 elementor-widget elementor-widget-heading\" data-id=\"5dc211f9\" data-element_type=\"widget\" data-e-type=\"widget\" data-widget_type=\"heading.default\">\n\t\t\t\t<div class=\"elementor-widget-container\">\n\t\t\t\t\t<h3 class=\"elementor-heading-title elementor-size-default\">Alati s kojima radim<\/h3>\t\t\t\t<\/div>\n\t\t\t\t<\/div>\n\t\t<div class=\"elementor-element elementor-element-28cb48f8 e-con-full e-flex e-con e-child\" data-id=\"28cb48f8\" data-element_type=\"container\" data-e-type=\"container\">\n\t\t<div class=\"elementor-element elementor-element-62e67bcc e-con-full e-flex e-con e-child\" data-id=\"62e67bcc\" data-element_type=\"container\" data-e-type=\"container\">\n\t\t\t\t<div class=\"elementor-element elementor-element-3289889e elementor-position-top elementor-widget elementor-widget-image-box\" data-id=\"3289889e\" data-element_type=\"widget\" data-e-type=\"widget\" data-widget_type=\"image-box.default\">\n\t\t\t\t<div class=\"elementor-widget-container\">\n\t\t\t\t\t<div class=\"elementor-image-box-wrapper\"><figure class=\"elementor-image-box-img\"><img decoding=\"async\" width=\"150\" height=\"150\" src=\"https:\/\/teinoblak.hr\/wp-content\/uploads\/2025\/05\/pexels-cottonbro-6892702_2_11zon-150x150.webp\" class=\"elementor-animation-grow attachment-thumbnail size-thumbnail wp-image-253\" alt=\"\" \/><\/figure><div class=\"elementor-image-box-content\"><h4 class=\"elementor-image-box-title\">Audacity<\/h4><p class=\"elementor-image-box-description\">\u010cist i jasan zvuk za tvoj podcast ili audio<\/p><\/div><\/div>\t\t\t\t<\/div>\n\t\t\t\t<\/div>\n\t\t\t\t<\/div>\n\t\t<div class=\"elementor-element elementor-element-6c2e84e0 e-con-full e-flex e-con e-child\" data-id=\"6c2e84e0\" data-element_type=\"container\" data-e-type=\"container\">\n\t\t\t\t<div class=\"elementor-element elementor-element-5d7a33f9 elementor-position-top elementor-widget elementor-widget-image-box\" data-id=\"5d7a33f9\" data-element_type=\"widget\" data-e-type=\"widget\" data-widget_type=\"image-box.default\">\n\t\t\t\t<div class=\"elementor-widget-container\">\n\t\t\t\t\t<div class=\"elementor-image-box-wrapper\"><figure class=\"elementor-image-box-img\"><img loading=\"lazy\" decoding=\"async\" width=\"150\" height=\"150\" src=\"https:\/\/teinoblak.hr\/wp-content\/uploads\/2025\/05\/pexels-alexfu-1188751-min-150x150.webp\" class=\"elementor-animation-grow attachment-thumbnail size-thumbnail wp-image-254\" alt=\"adobe premiere\" \/><\/figure><div class=\"elementor-image-box-content\"><h4 class=\"elementor-image-box-title\">OpenShot<\/h4><p class=\"elementor-image-box-description\">Jednostavno editiranje videa i monta\u017ea<\/p><\/div><\/div>\t\t\t\t<\/div>\n\t\t\t\t<\/div>\n\t\t\t\t<\/div>\n\t\t<div class=\"elementor-element elementor-element-4c3202d5 e-con-full e-flex e-con e-child\" data-id=\"4c3202d5\" data-element_type=\"container\" data-e-type=\"container\">\n\t\t\t\t<div class=\"elementor-element elementor-element-66aba48c elementor-position-top elementor-widget elementor-widget-image-box\" data-id=\"66aba48c\" data-element_type=\"widget\" data-e-type=\"widget\" data-widget_type=\"image-box.default\">\n\t\t\t\t<div class=\"elementor-widget-container\">\n\t\t\t\t\t<div class=\"elementor-image-box-wrapper\"><figure class=\"elementor-image-box-img\"><img loading=\"lazy\" decoding=\"async\" width=\"150\" height=\"150\" src=\"https:\/\/teinoblak.hr\/wp-content\/uploads\/2025\/05\/pexels-pixabay-265667-150x150.webp\" class=\"elementor-animation-grow attachment-thumbnail size-thumbnail wp-image-266\" alt=\"tehni\u010dka podr\u0161ka wordpress\" \/><\/figure><div class=\"elementor-image-box-content\"><h4 class=\"elementor-image-box-title\">WordPress<\/h4><p class=\"elementor-image-box-description\">Tvoja web stranica, jednostavna za kori\u0161tenje i uvijek spremna za nove ideje<\/p><\/div><\/div>\t\t\t\t<\/div>\n\t\t\t\t<\/div>\n\t\t\t\t<\/div>\n\t\t<div class=\"elementor-element elementor-element-fbe50b e-con-full e-flex e-con e-child\" data-id=\"fbe50b\" data-element_type=\"container\" data-e-type=\"container\">\n\t\t\t\t<div class=\"elementor-element elementor-element-6c78e5a5 elementor-position-top elementor-widget elementor-widget-image-box\" data-id=\"6c78e5a5\" data-element_type=\"widget\" data-e-type=\"widget\" data-widget_type=\"image-box.default\">\n\t\t\t\t<div class=\"elementor-widget-container\">\n\t\t\t\t\t<div class=\"elementor-image-box-wrapper\"><figure class=\"elementor-image-box-img\"><img loading=\"lazy\" decoding=\"async\" width=\"150\" height=\"150\" src=\"https:\/\/teinoblak.hr\/wp-content\/uploads\/2025\/05\/Snimka-zaslona_17-5-2025_221147_www.pexels.com_-150x150.webp\" class=\"elementor-animation-grow attachment-thumbnail size-thumbnail wp-image-262\" alt=\"Tehni\u010dka podr\u0161ka- google workspace\" \/><\/figure><div class=\"elementor-image-box-content\"><h4 class=\"elementor-image-box-title\">Google Workspace<\/h4><p class=\"elementor-image-box-description\">Poslovni e-mail i suradnja<\/p><\/div><\/div>\t\t\t\t<\/div>\n\t\t\t\t<\/div>\n\t\t\t\t<\/div>\n\t\t\t\t<\/div>\n\t\t\t\t<\/div>\n\t\t<div class=\"elementor-element elementor-element-7b61bf8d e-con-full e-flex e-con e-parent\" data-id=\"7b61bf8d\" data-element_type=\"container\" data-e-type=\"container\" data-settings=\"{&quot;background_background&quot;:&quot;classic&quot;}\">\n\t\t\t\t<div class=\"elementor-element elementor-element-4688f520 elementor-widget elementor-widget-heading\" data-id=\"4688f520\" data-element_type=\"widget\" data-e-type=\"widget\" data-widget_type=\"heading.default\">\n\t\t\t\t<div class=\"elementor-widget-container\">\n\t\t\t\t\t<h2 class=\"elementor-heading-title elementor-size-default\">Za\u0161to raditi sa mnom?<\/h2>\t\t\t\t<\/div>\n\t\t\t\t<\/div>\n\t\t<div class=\"elementor-element elementor-element-41220b09 e-con-full e-flex e-con e-child\" data-id=\"41220b09\" data-element_type=\"container\" data-e-type=\"container\">\n\t\t\t\t<div class=\"elementor-element elementor-element-242ced95 elementor-widget__width-initial elementor-widget elementor-widget-icon-box\" data-id=\"242ced95\" data-element_type=\"widget\" data-e-type=\"widget\" data-widget_type=\"icon-box.default\">\n\t\t\t\t<div class=\"elementor-widget-container\">\n\t\t\t\t\t\t\t<div class=\"elementor-icon-box-wrapper\">\n\n\t\t\t\n\t\t\t\t\t\t<div class=\"elementor-icon-box-content\">\n\n\t\t\t\t\n\t\t\t\t\t\t\t\t\t<p class=\"elementor-icon-box-description\">\n\t\t\t\t\t\t\u0160tedim ti vrijeme preuzimanjem tehni\u010dkih i dosadnih zadataka.\n\n\t\t\t\t\t<\/p>\n\t\t\t\t\n\t\t\t<\/div>\n\t\t\t\n\t\t<\/div>\n\t\t\t\t\t\t<\/div>\n\t\t\t\t<\/div>\n\t\t\t\t<div class=\"elementor-element elementor-element-e5e7326 elementor-widget__width-initial elementor-widget elementor-widget-icon-box\" data-id=\"e5e7326\" data-element_type=\"widget\" data-e-type=\"widget\" data-widget_type=\"icon-box.default\">\n\t\t\t\t<div class=\"elementor-widget-container\">\n\t\t\t\t\t\t\t<div class=\"elementor-icon-box-wrapper\">\n\n\t\t\t\n\t\t\t\t\t\t<div class=\"elementor-icon-box-content\">\n\n\t\t\t\t\n\t\t\t\t\t\t\t\t\t<p class=\"elementor-icon-box-description\">\n\t\t\t\t\t\tKomunikacija je jasna, prijateljska i profesionalna.\n\n\t\t\t\t\t<\/p>\n\t\t\t\t\n\t\t\t<\/div>\n\t\t\t\n\t\t<\/div>\n\t\t\t\t\t\t<\/div>\n\t\t\t\t<\/div>\n\t\t\t\t<div class=\"elementor-element elementor-element-34223e02 elementor-widget__width-initial elementor-widget elementor-widget-icon-box\" data-id=\"34223e02\" data-element_type=\"widget\" data-e-type=\"widget\" data-widget_type=\"icon-box.default\">\n\t\t\t\t<div class=\"elementor-widget-container\">\n\t\t\t\t\t\t\t<div class=\"elementor-icon-box-wrapper\">\n\n\t\t\t\n\t\t\t\t\t\t<div class=\"elementor-icon-box-content\">\n\n\t\t\t\t\n\t\t\t\t\t\t\t\t\t<p class=\"elementor-icon-box-description\">\n\t\t\t\t\t\tPokrivam sve \u0161to stoji iza tvoje online prisutnosti \u2014 video i podcast, e-mail i web podr\u0161ka.\t\t\t\t\t<\/p>\n\t\t\t\t\n\t\t\t<\/div>\n\t\t\t\n\t\t<\/div>\n\t\t\t\t\t\t<\/div>\n\t\t\t\t<\/div>\n\t\t\t\t<div class=\"elementor-element elementor-element-4a2257de elementor-widget__width-initial elementor-widget elementor-widget-icon-box\" data-id=\"4a2257de\" data-element_type=\"widget\" data-e-type=\"widget\" data-widget_type=\"icon-box.default\">\n\t\t\t\t<div class=\"elementor-widget-container\">\n\t\t\t\t\t\t\t<div class=\"elementor-icon-box-wrapper\">\n\n\t\t\t\n\t\t\t\t\t\t<div class=\"elementor-icon-box-content\">\n\n\t\t\t\t\n\t\t\t\t\t\t\t\t\t<p class=\"elementor-icon-box-description\">\n\t\t\t\t\t\tFleksibilna sam i radim po tvom tempu i potrebama.\n\n\t\t\t\t\t<\/p>\n\t\t\t\t\n\t\t\t<\/div>\n\t\t\t\n\t\t<\/div>\n\t\t\t\t\t\t<\/div>\n\t\t\t\t<\/div>\n\t\t\t\t<\/div>\n\t\t\t\t<\/div>\n\t\t<div class=\"elementor-element elementor-element-72c9b303 e-flex e-con-boxed e-con e-parent\" data-id=\"72c9b303\" data-element_type=\"container\" data-e-type=\"container\" data-settings=\"{&quot;background_background&quot;:&quot;classic&quot;}\">\n\t\t\t\t\t<div class=\"e-con-inner\">\n\t\t\t\t<div class=\"elementor-element elementor-element-18f3541 elementor-widget elementor-widget-heading\" data-id=\"18f3541\" data-element_type=\"widget\" data-e-type=\"widget\" data-widget_type=\"heading.default\">\n\t\t\t\t<div class=\"elementor-widget-container\">\n\t\t\t\t\t<h3 class=\"elementor-heading-title elementor-size-default\">Zvu\u010di kao ne\u0161to \u0161to ti treba?<\/h3>\t\t\t\t<\/div>\n\t\t\t\t<\/div>\n\t\t\t\t<div class=\"elementor-element elementor-element-2bdd7ccb elementor-widget elementor-widget-text-editor\" data-id=\"2bdd7ccb\" data-element_type=\"widget\" data-e-type=\"widget\" data-widget_type=\"text-editor.default\">\n\t\t\t\t<div class=\"elementor-widget-container\">\n\t\t\t\t\t\t\t\t\t<p>Popij kavu sa mnom \u2013 virtualno! <br \/>Dogovori besplatan video poziv i vidi kako ti mogu pomo\u0107i s webom, podcastom ili videom.<\/p>\t\t\t\t\t\t\t\t<\/div>\n\t\t\t\t<\/div>\n\t\t\t\t<div class=\"elementor-element elementor-element-65f9dc57 elementor-align-center elementor-mobile-align-center elementor-widget elementor-widget-button\" data-id=\"65f9dc57\" data-element_type=\"widget\" data-e-type=\"widget\" data-widget_type=\"button.default\">\n\t\t\t\t<div class=\"elementor-widget-container\">\n\t\t\t\t\t\t\t\t\t<div class=\"elementor-button-wrapper\">\n\t\t\t\t\t<a class=\"elementor-button elementor-button-link elementor-size-sm\" href=\"https:\/\/calendly.com\/tea-tech-va\/20min\" target=\"_blank\">\n\t\t\t\t\t\t<span class=\"elementor-button-content-wrapper\">\n\t\t\t\t\t\t<span class=\"elementor-button-icon\">\n\t\t\t\t<svg aria-hidden=\"true\" class=\"e-font-icon-svg e-fas-coffee\" viewBox=\"0 0 640 512\" xmlns=\"http:\/\/www.w3.org\/2000\/svg\"><path d=\"M192 384h192c53 0 96-43 96-96h32c70.6 0 128-57.4 128-128S582.6 32 512 32H120c-13.3 0-24 10.7-24 24v232c0 53 43 96 96 96zM512 96c35.3 0 64 28.7 64 64s-28.7 64-64 64h-32V96h32zm47.7 384H48.3c-47.6 0-61-64-36-64h583.3c25 0 11.8 64-35.9 64z\"><\/path><\/svg>\t\t\t<\/span>\n\t\t\t\t\t\t\t\t\t<span class=\"elementor-button-text\">VIRTUALNA KAVA- PRIJAVI SE<\/span>\n\t\t\t\t\t<\/span>\n\t\t\t\t\t<\/a>\n\t\t\t\t<\/div>\n\t\t\t\t\t\t\t\t<\/div>\n\t\t\t\t<\/div>\n\t\t\t\t\t<\/div>\n\t\t\t\t<\/div>\n\t\t\t\t<\/div>\n\t\t","protected":false},"excerpt":{"rendered":"<p>\u2728\u00a0Zamisli tehniku koja radi za tebe Dok ti radi\u0161 ono \u0161to voli\u0161, ja rje\u0161avam sve \u0161to ti tro\u0161i vrijeme i [&hellip;]<\/p>\n","protected":false},"author":1,"featured_media":0,"parent":0,"menu_order":0,"comment_status":"closed","ping_status":"closed","template":"","meta":{"site-sidebar-layout":"no-sidebar","site-content-layout":"","ast-site-content-layout":"full-width-container","site-content-style":"default","site-sidebar-style":"default","ast-global-header-display":"","ast-banner-title-visibility":"","ast-main-header-display":"","ast-hfb-above-header-display":"","ast-hfb-below-header-display":"","ast-hfb-mobile-header-display":"","site-post-title":"disabled","ast-breadcrumbs-content":"","ast-featured-img":"disabled","footer-sml-layout":"","theme-transparent-header-meta":"","adv-header-id-meta":"","stick-header-meta":"","header-above-stick-meta":"","header-main-stick-meta":"","header-below-stick-meta":"","astra-migrate-meta-layouts":"default","ast-page-background-enabled":"default","ast-page-background-meta":{"desktop":{"background-color":"var(--ast-global-color-5)","background-image":"","background-repeat":"repeat","background-position":"center center","background-size":"auto","background-attachment":"scroll","background-type":"","background-media":"","overlay-type":"","overlay-color":"","overlay-opacity":"","overlay-gradient":""},"tablet":{"background-color":"","background-image":"","background-repeat":"repeat","background-position":"center center","background-size":"auto","background-attachment":"scroll","background-type":"","background-media":"","overlay-type":"","overlay-color":"","overlay-opacity":"","overlay-gradient":""},"mobile":{"background-color":"","background-image":"","background-repeat":"repeat","background-position":"center center","background-size":"auto","background-attachment":"scroll","background-type":"","background-media":"","overlay-type":"","overlay-color":"","overlay-opacity":"","overlay-gradient":""}},"ast-content-background-meta":{"desktop":{"background-color":"var(--ast-global-color-4)","background-image":"","background-repeat":"repeat","background-position":"center center","background-size":"auto","background-attachment":"scroll","background-type":"","background-media":"","overlay-type":"","overlay-color":"","overlay-opacity":"","overlay-gradient":""},"tablet":{"background-color":"var(--ast-global-color-4)","background-image":"","background-repeat":"repeat","background-position":"center center","background-size":"auto","background-attachment":"scroll","background-type":"","background-media":"","overlay-type":"","overlay-color":"","overlay-opacity":"","overlay-gradient":""},"mobile":{"background-color":"var(--ast-global-color-4)","background-image":"","background-repeat":"repeat","background-position":"center center","background-size":"auto","background-attachment":"scroll","background-type":"","background-media":"","overlay-type":"","overlay-color":"","overlay-opacity":"","overlay-gradient":""}},"footnotes":""},"class_list":["post-60","page","type-page","status-publish","hentry"],"_links":{"self":[{"href":"https:\/\/teinoblak.hr\/index.php\/wp-json\/wp\/v2\/pages\/60","targetHints":{"allow":["GET"]}}],"collection":[{"href":"https:\/\/teinoblak.hr\/index.php\/wp-json\/wp\/v2\/pages"}],"about":[{"href":"https:\/\/teinoblak.hr\/index.php\/wp-json\/wp\/v2\/types\/page"}],"author":[{"embeddable":true,"href":"https:\/\/teinoblak.hr\/index.php\/wp-json\/wp\/v2\/users\/1"}],"replies":[{"embeddable":true,"href":"https:\/\/teinoblak.hr\/index.php\/wp-json\/wp\/v2\/comments?post=60"}],"version-history":[{"count":254,"href":"https:\/\/teinoblak.hr\/index.php\/wp-json\/wp\/v2\/pages\/60\/revisions"}],"predecessor-version":[{"id":920,"href":"https:\/\/teinoblak.hr\/index.php\/wp-json\/wp\/v2\/pages\/60\/revisions\/920"}],"wp:attachment":[{"href":"https:\/\/teinoblak.hr\/index.php\/wp-json\/wp\/v2\/media?parent=60"}],"curies":[{"name":"wp","href":"https:\/\/api.w.org\/{rel}","templated":true}]}}